{"id":738,"date":"2017-03-19T04:58:44","date_gmt":"2017-03-19T03:58:44","guid":{"rendered":"http:\/\/laurent-sola.com\/?page_id=738"},"modified":"2024-12-15T23:55:14","modified_gmt":"2024-12-15T22:55:14","slug":"laurent-sola-cameraman-videaste","status":"publish","type":"page","link":"https:\/\/laurent-sola.com\/index.php\/laurent-sola-cameraman-videaste\/","title":{"rendered":"R\u00e9alisations Vid\u00e9o"},"content":{"rendered":"\n<p>Voici quelques exemples de mes derni\u00e8res r\u00e9alisations en vid\u00e9o. N&#8217;h\u00e9sitez pas \u00e0 me contacter pour me parler de votre projet.<\/p>\n","protected":false},"excerpt":{"rendered":"<p>Voici quelques exemples de mes derni\u00e8res r\u00e9alisations en vid\u00e9o. N&#8217;h\u00e9sitez pas \u00e0 me contacter pour me parler de votre projet.<\/p>\n","protected":false},"author":1,"featured_media":0,"parent":0,"menu_order":0,"comment_status":"closed","ping_status":"closed","template":"","meta":{"footnotes":""},"class_list":["post-738","page","type-page","status-publish"],"_links":{"self":[{"href":"https:\/\/laurent-sola.com\/index.php\/wp-json\/wp\/v2\/pages\/738","targetHints":{"allow":["GET"]}}],"collection":[{"href":"https:\/\/laurent-sola.com\/index.php\/wp-json\/wp\/v2\/pages"}],"about":[{"href":"https:\/\/laurent-sola.com\/index.php\/wp-json\/wp\/v2\/types\/page"}],"author":[{"embeddable":true,"href":"https:\/\/laurent-sola.com\/index.php\/wp-json\/wp\/v2\/users\/1"}],"replies":[{"embeddable":true,"href":"https:\/\/laurent-sola.com\/index.php\/wp-json\/wp\/v2\/comments?post=738"}],"version-history":[{"count":132,"href":"https:\/\/laurent-sola.com\/index.php\/wp-json\/wp\/v2\/pages\/738\/revisions"}],"predecessor-version":[{"id":60045,"href":"https:\/\/laurent-sola.com\/index.php\/wp-json\/wp\/v2\/pages\/738\/revisions\/60045"}],"wp:attachment":[{"href":"https:\/\/laurent-sola.com\/index.php\/wp-json\/wp\/v2\/media?parent=738"}],"curies":[{"name":"wp","href":"https:\/\/api.w.org\/{rel}","templated":true}]}}