{"id":694,"date":"2017-03-19T01:52:42","date_gmt":"2017-03-19T00:52:42","guid":{"rendered":"http:\/\/laurent-sola.com\/?page_id=694"},"modified":"2025-12-21T15:57:02","modified_gmt":"2025-12-21T14:57:02","slug":"laurent-sola-photographe-mariage","status":"publish","type":"page","link":"https:\/\/laurent-sola.com\/index.php\/laurent-sola-photographe-mariage\/","title":{"rendered":"Galerie Photo"},"content":{"rendered":"\n<p>Retrouvez un aper\u00e7u de mon travail en photo gr\u00e2ce aux galeries publiques \u00e7i-dessous, mais aussi les galeries priv\u00e9es de chaque \u00e9v\u00e8nement r\u00e9cent, accessibles avec le mot de passe attribu\u00e9.<\/p>\n","protected":false},"excerpt":{"rendered":"<p>Retrouvez un aper\u00e7u de mon travail en photo gr\u00e2ce aux galeries publiques \u00e7i-dessous, mais aussi les galeries priv\u00e9es de chaque \u00e9v\u00e8nement r\u00e9cent, accessibles avec le mot de passe attribu\u00e9.<\/p>\n","protected":false},"author":1,"featured_media":0,"parent":0,"menu_order":0,"comment_status":"closed","ping_status":"closed","template":"","meta":{"footnotes":""},"class_list":["post-694","page","type-page","status-publish"],"_links":{"self":[{"href":"https:\/\/laurent-sola.com\/index.php\/wp-json\/wp\/v2\/pages\/694","targetHints":{"allow":["GET"]}}],"collection":[{"href":"https:\/\/laurent-sola.com\/index.php\/wp-json\/wp\/v2\/pages"}],"about":[{"href":"https:\/\/laurent-sola.com\/index.php\/wp-json\/wp\/v2\/types\/page"}],"author":[{"embeddable":true,"href":"https:\/\/laurent-sola.com\/index.php\/wp-json\/wp\/v2\/users\/1"}],"replies":[{"embeddable":true,"href":"https:\/\/laurent-sola.com\/index.php\/wp-json\/wp\/v2\/comments?post=694"}],"version-history":[{"count":200,"href":"https:\/\/laurent-sola.com\/index.php\/wp-json\/wp\/v2\/pages\/694\/revisions"}],"predecessor-version":[{"id":65028,"href":"https:\/\/laurent-sola.com\/index.php\/wp-json\/wp\/v2\/pages\/694\/revisions\/65028"}],"wp:attachment":[{"href":"https:\/\/laurent-sola.com\/index.php\/wp-json\/wp\/v2\/media?parent=694"}],"curies":[{"name":"wp","href":"https:\/\/api.w.org\/{rel}","templated":true}]}}