{"id":47,"date":"2017-03-14T22:50:19","date_gmt":"2017-03-14T21:50:19","guid":{"rendered":"http:\/\/laurent-sola.com\/?page_id=47"},"modified":"2025-07-11T15:01:01","modified_gmt":"2025-07-11T13:01:01","slug":"accueil-2","status":"publish","type":"page","link":"https:\/\/laurent-sola.com\/","title":{"rendered":""},"content":{"rendered":"\n<h6 class=\"wp-block-heading has-black-color has-text-color has-huge-font-size\" id=\"photographe-et-videaste-de-mariage-a-marseille\"><strong>Photographe et Vid\u00e9aste de Mariage \u00e0 Marseille<\/strong><\/h6>\n\n\n\n<p><\/p>\n\n\n\n<blockquote class=\"wp-block-quote is-layout-flow wp-block-quote-is-layout-flow\">\n<p>\u201cAimer, ce n&#8217;est pas se regarder l&#8217;un l&#8217;autre, c&#8217;est regarder ensemble dans la m\u00eame direction.\u201d<\/p>\n<cite>Antoine de Saint-Exup\u00e9ry<\/cite><\/blockquote>\n\n\n\n<p><\/p>\n\n\n\n<p>Bien que sollicit\u00e9 par des marques ou des entreprises pour des publicit\u00e9s ou des reportages, mon activit\u00e9 pr\u00e9dominante reste <a href=\"https:\/\/laurent-sola.com\/index.php\/gallery\/best-of-mariage\/\">Photographe et vid\u00e9aste de mariage<\/a>. Fort de 10 ans d\u2019exp\u00e9rience dans le domaine j&#8217;ai des centaines de mariages \u00e0 mon actif. De nature sensible, je suis dans mon \u00e9l\u00e9ment le jour du mariage, et je ne me lasse jamais de ressentir toute l&#8217;\u00e9motion pr\u00e9sente, et de l&#8217;immortaliser avec mes appareils photos et mes cam\u00e9ras.<br>Mes clients m&#8217;appr\u00e9cient pour mon professionnalisme, mon \u00e9coute et ma discr\u00e9tion.<br>Je me d\u00e9place partout en France et \u00e0 l&#8217;\u00e9tranger.<\/p>\n\n\n\n<div class=\"wp-block-group\"><div class=\"wp-block-group__inner-container is-layout-flow wp-block-group-is-layout-flow\">\n<div class=\"wp-block-columns is-layout-flex wp-container-core-columns-is-layout-9d6595d7 wp-block-columns-is-layout-flex\">\n<div class=\"wp-block-column is-layout-flow wp-block-column-is-layout-flow\" style=\"flex-basis:100%\">\n<div class=\"wp-block-group\"><div class=\"wp-block-group__inner-container is-layout-flow wp-block-group-is-layout-flow\">\n<div class=\"wp-block-columns is-layout-flex wp-container-core-columns-is-layout-9d6595d7 wp-block-columns-is-layout-flex\">\n<div class=\"wp-block-column is-vertically-aligned-center is-layout-flow wp-block-column-is-layout-flow\" style=\"flex-basis:100%\"><\/div>\n<\/div>\n<\/div><\/div>\n\n\n<div class=\"wp-block-image\">\n<figure class=\"aligncenter size-full\"><img loading=\"lazy\" decoding=\"async\" width=\"1260\" height=\"1605\" src=\"https:\/\/laurent-sola.com\/wp-content\/uploads\/2025\/07\/Photographe-Videaste-Marseille.jpg\" alt=\"\" class=\"wp-image-60941\"\/><\/figure>\n<\/div>\n\n\n<p><\/p>\n\n\n<div class=\"wp-block-image\">\n<figure class=\"aligncenter size-full\"><img loading=\"lazy\" decoding=\"async\" width=\"1260\" height=\"903\" src=\"https:\/\/laurent-sola.com\/wp-content\/uploads\/2025\/07\/Photographe-Mariage-Marseille-1.jpg\" alt=\"\" class=\"wp-image-60974\"\/><\/figure>\n<\/div>\n\n\n<p><\/p>\n\n\n\n<p class=\"has-text-align-left\">En vid\u00e9o mariage comme en vid\u00e9o d&#8217;entreprise, je suis \u00e9quip\u00e9 d&#8217;un drone pour r\u00e9aliser des plans a\u00e9riens qui am\u00e8neront de la hauteur et une dimension suppl\u00e9mentaire \u00e0 vos vid\u00e9os.<\/p>\n\n\n\n<div style=\"padding:51.08% 0 0 0;position:relative;\"><iframe src=\"https:\/\/player.vimeo.com\/video\/951157948?h=471c403b0c&amp;badge=0&amp;autopause=0&amp;player_id=0&amp;app_id=58479\" frameborder=\"0\" allow=\"autoplay; fullscreen; picture-in-picture; clipboard-write\" style=\"position:absolute;top:0;left:0;width:100%;height:100%;\" title=\"DRONE\"><\/iframe><\/div><script src=\"https:\/\/player.vimeo.com\/api\/player.js\"><\/script>\n\n\n\n<p><\/p>\n\n\n\n<hr class=\"wp-block-separator has-css-opacity is-style-wide\"\/>\n\n\n\n<h6 class=\"wp-block-heading\" id=\"videos-et-photos-d-entreprise\"><strong>Vid\u00e9os et photos d&#8217;entreprise<\/strong><\/h6>\n\n\n\n<p><\/p>\n\n\n\n<blockquote class=\"wp-block-quote is-layout-flow wp-block-quote-is-layout-flow\">\n<p>\u201cLa cr\u00e9ativit\u00e9 sans strat\u00e9gie, cela s&#8217;appelle de l&#8217;Art. La cr\u00e9ativit\u00e9 avec de la strat\u00e9gie, cela s&#8217;appelle de la &#8220;publicit\u00e9.&#8221;<\/p>\n<cite>Jef Richards<\/cite><\/blockquote>\n\n\n\n<p><\/p>\n\n\n\n<p>De nombreuses entreprises font appel \u00e0 un photographe professionnel ou un vid\u00e9aste pour promouvoir \u00e0 juste titre leur activit\u00e9 ou leurs produits. Quand un projet de shooting photo ou de vid\u00e9o m&#8217;est propos\u00e9, j&#8217;ai beaucoup de plaisir \u00e0 sugg\u00e9rer diff\u00e9rentes id\u00e9es et sc\u00e9nario pour que les photos et vid\u00e9o correspondent parfaitement \u00e0 l&#8217;identit\u00e9 visuelle de l&#8217;entreprise. Equip\u00e9 d&#8217;appareils photos Canon de derni\u00e8re g\u00e9n\u00e9ration, et d&#8217;une cam\u00e9ra de Cin\u00e9ma ( Blackmagic Ursa G2 ) qui d\u00e9livre une image 4k \u00e9poustouflante, les photos et vid\u00e9os d&#8217;entreprise seront un excellent support de communication pour vos clients.          <\/p>\n<\/div>\n<\/div>\n<\/div><\/div>\n\n\n\n<p><\/p>\n\n\n<div class=\"wp-block-image\">\n<figure class=\"aligncenter size-full\"><img loading=\"lazy\" decoding=\"async\" width=\"1260\" height=\"205\" src=\"https:\/\/laurent-sola.com\/wp-content\/uploads\/2022\/12\/Photographe-Entreprise-Marseille.jpg\" alt=\"Photographe Entreprise Marseille - Laurent SOLA\" class=\"wp-image-55043\"\/><\/figure>\n<\/div>\n\n\n<hr class=\"wp-block-separator has-css-opacity\"\/>\n\n\n\n<h6 class=\"wp-block-heading\" id=\"shooting-grossesse-naissance\"><strong>Shooting Grossesse \/ Naissance<\/strong><\/h6>\n\n\n\n<p><\/p>\n\n\n\n<blockquote class=\"wp-block-quote is-layout-flow wp-block-quote-is-layout-flow\">\n<p>&#8221; Vivre la naissance d\u2019un enfant est notre chance la plus accessible de saisir le sens du mot miracle.\u201d<\/p>\n<cite>Paul Carvel<\/cite><\/blockquote>\n\n\n\n<p><\/p>\n\n\n\n<div class=\"wp-block-group\"><div class=\"wp-block-group__inner-container is-layout-flow wp-block-group-is-layout-flow\">\n<p>Avec le mariage, la naissance d&#8217;un enfant est sans doute l&#8217;un des moments les plus \u00e9mouvants d&#8217;une vie. Que diriez-vous d&#8217;en garder un souvenir imp\u00e9rissable, gr\u00e2ce \u00e0 un <a href=\"http:\/\/laurent-sola.com\/index.php\/gallery\/grossesse-naissance\/\">shooting photo naissance<\/a>, que ce soit avant son arriv\u00e9e lors de la grossesse, mais aussi apr\u00e8s sa naissance. Ces photos rentreront assur\u00e9ment dans le patrimoine familial et avec l&#8217;\u00e8re du num\u00e9rique, traverseront les g\u00e9n\u00e9rations.<\/p>\n<\/div><\/div>\n\n\n\n<p><\/p>\n\n\n<div class=\"wp-block-image\">\n<figure class=\"aligncenter size-full\"><img loading=\"lazy\" decoding=\"async\" width=\"1260\" height=\"402\" src=\"https:\/\/laurent-sola.com\/wp-content\/uploads\/2022\/12\/Photographe-Grossesse-Naissance-Marseille.jpg\" alt=\"Photographe Grossesse Naissance - Laurent SOLA\" class=\"wp-image-55044\"\/><\/figure>\n<\/div>\n\n\n<hr class=\"wp-block-separator has-css-opacity\"\/>\n\n\n\n<h6 class=\"wp-block-heading\" id=\"reportages-d-evenements\"><strong>Reportages d&#8217;Ev\u00e8nements<\/strong><\/h6>\n\n\n\n<p><\/p>\n\n\n\n<blockquote class=\"wp-block-quote is-layout-flow wp-block-quote-is-layout-flow\">\n<p>\u201cLes gagnants seront ceux qui restructurent la mani\u00e8re dont l\u2019information circule dans leur entreprise.\u201d<\/p>\n<cite>Bill Gates<\/cite><\/blockquote>\n\n\n\n<p><\/p>\n\n\n\n<p>Que ce soit pour un s\u00e9minaire, une conf\u00e9rence ou une convention d&#8217;entreprise, faire appel \u00e0 un photographe professionnel et un vid\u00e9aste, c&#8217;est soigner la communication au sein de son entreprise mais aussi aupr\u00e8s de ses clients et partenaires. Ayant travaill\u00e9 pour de grands groupes comme Coca-Cola, Sommeliers International ou Dior, je serais \u00e0 votre \u00e9coute pour valoriser au mieux votre \u00e9v\u00e8nement gr\u00e2ce \u00e0 mes photos et vid\u00e9os.<\/p>\n\n\n\n<p><\/p>\n\n\n<div class=\"wp-block-image\">\n<figure class=\"aligncenter size-full\"><img loading=\"lazy\" decoding=\"async\" width=\"1260\" height=\"212\" src=\"https:\/\/laurent-sola.com\/wp-content\/uploads\/2022\/12\/Photographe-Evenement-Marseille.jpg\" alt=\"Photographe \u00c9v\u00e8nement Marseille - Laurent SOLA\" class=\"wp-image-55045\"\/><\/figure>\n<\/div>\n\n\n<hr class=\"wp-block-separator has-css-opacity\"\/>\n","protected":false},"excerpt":{"rendered":"<p>Photographe et Vid\u00e9aste de Mariage \u00e0 Marseille \u201cAimer, ce n&#8217;est pas se regarder l&#8217;un l&#8217;autre, c&#8217;est regarder ensemble dans la m\u00eame direction.\u201d Antoine de Saint-Exup\u00e9ry Bien que sollicit\u00e9 par des marques ou des entreprises pour des publicit\u00e9s ou des reportages, mon activit\u00e9 pr\u00e9dominante reste Photographe et vid\u00e9aste de mariage. Fort de 10 ans d\u2019exp\u00e9rience dans [&hellip;]<\/p>\n","protected":false},"author":1,"featured_media":60017,"parent":0,"menu_order":0,"comment_status":"closed","ping_status":"closed","template":"","meta":{"footnotes":""},"class_list":["post-47","page","type-page","status-publish","has-post-thumbnail"],"_links":{"self":[{"href":"https:\/\/laurent-sola.com\/index.php\/wp-json\/wp\/v2\/pages\/47","targetHints":{"allow":["GET"]}}],"collection":[{"href":"https:\/\/laurent-sola.com\/index.php\/wp-json\/wp\/v2\/pages"}],"about":[{"href":"https:\/\/laurent-sola.com\/index.php\/wp-json\/wp\/v2\/types\/page"}],"author":[{"embeddable":true,"href":"https:\/\/laurent-sola.com\/index.php\/wp-json\/wp\/v2\/users\/1"}],"replies":[{"embeddable":true,"href":"https:\/\/laurent-sola.com\/index.php\/wp-json\/wp\/v2\/comments?post=47"}],"version-history":[{"count":424,"href":"https:\/\/laurent-sola.com\/index.php\/wp-json\/wp\/v2\/pages\/47\/revisions"}],"predecessor-version":[{"id":61013,"href":"https:\/\/laurent-sola.com\/index.php\/wp-json\/wp\/v2\/pages\/47\/revisions\/61013"}],"wp:featuredmedia":[{"embeddable":true,"href":"https:\/\/laurent-sola.com\/index.php\/wp-json\/wp\/v2\/media\/60017"}],"wp:attachment":[{"href":"https:\/\/laurent-sola.com\/index.php\/wp-json\/wp\/v2\/media?parent=47"}],"curies":[{"name":"wp","href":"https:\/\/api.w.org\/{rel}","templated":true}]}}